{"id":242,"date":"2020-04-23T18:15:40","date_gmt":"2020-04-23T16:15:40","guid":{"rendered":"http:\/\/www.vs-damtschach.at\/?page_id=242"},"modified":"2023-02-12T19:43:19","modified_gmt":"2023-02-12T18:43:19","slug":"links","status":"publish","type":"page","link":"https:\/\/www.vs-damtschach.at\/?page_id=242","title":{"rendered":"Links"},"content":{"rendered":"\n<p><strong>Bildungsdirektion K\u00e4rnten &#8211; Izobra\u017eevalna direkcija za Koro\u0161ko<\/strong><br><a rel=\"noreferrer noopener\" href=\"https:\/\/www.bildung-ktn.gv.at\/\" target=\"_blank\">www.bildung-ktn.gv.at<\/a><\/p>\n\n\n\n<p><strong>Bundesministerium f\u00fcr Bildung, Wissenschaft und Forschung<\/strong> &#8211; <strong>Ministrstvo za izobra\u017eevanje in znanost<\/strong><br><a rel=\"noreferrer noopener\" href=\"https:\/\/www.bmbwf.gv.at\" target=\"_blank\">https:\/\/www.bmbwf.gv.at<\/a><\/p>\n\n\n\n<p><strong>Antolin Lesef\u00f6rderung<\/strong><br><a href=\"https:\/\/antolin.westermann.de \">https:\/\/antolin.westermann.de <\/a><\/p>\n\n\n\n<p><strong>Spletne povezave za sloven\u0161\u010dino<\/strong> &#8211; <strong>Links zu slowenischen Lernseiten<\/strong><br><a href=\"https:\/\/www.slinki.at\">https:\/\/www.slinki.at<\/a><br><\/p>\n\n\n\n<p><strong>Lern-App Anton<\/strong><br><a href=\"https:\/\/anton.app\/de\/\">https:\/\/anton.app\/de\/<\/a><\/p>\n\n\n\n<p><a href=\"https:\/\/www.google.com\/search?q=bildungsdirektion+k%C4%87rnten&amp;oq=bildungsdirektion+k%C4%87rnten&amp;aqs=chrome..69i57j0.4389j0j7&amp;sourceid=chrome&amp;ie=UTF-8#\"><\/a><\/p>\n","protected":false},"excerpt":{"rendered":"<p>Bildungsdirektion K\u00e4rnten &#8211; Izobra\u017eevalna direkcija za Koro\u0161kowww.bildung-ktn.gv.at Bundesministerium f\u00fcr Bildung, Wissenschaft und Forschung &#8211; Ministrstvo za izobra\u017eevanje in znanosthttps:\/\/www.bmbwf.gv.at Antolin Lesef\u00f6rderunghttps:\/\/antolin.westermann.de Spletne povezave za sloven\u0161\u010dino &#8211; Links zu slowenischen Lernseitenhttps:\/\/www.slinki.at Lern-App Antonhttps:\/\/anton.app\/de\/<\/p>\n","protected":false},"author":2,"featured_media":0,"parent":0,"menu_order":0,"comment_status":"closed","ping_status":"closed","template":"","meta":{"footnotes":""},"_links":{"self":[{"href":"https:\/\/www.vs-damtschach.at\/index.php?rest_route=\/wp\/v2\/pages\/242"}],"collection":[{"href":"https:\/\/www.vs-damtschach.at\/index.php?rest_route=\/wp\/v2\/pages"}],"about":[{"href":"https:\/\/www.vs-damtschach.at\/index.php?rest_route=\/wp\/v2\/types\/page"}],"author":[{"embeddable":true,"href":"https:\/\/www.vs-damtschach.at\/index.php?rest_route=\/wp\/v2\/users\/2"}],"replies":[{"embeddable":true,"href":"https:\/\/www.vs-damtschach.at\/index.php?rest_route=%2Fwp%2Fv2%2Fcomments&post=242"}],"version-history":[{"count":4,"href":"https:\/\/www.vs-damtschach.at\/index.php?rest_route=\/wp\/v2\/pages\/242\/revisions"}],"predecessor-version":[{"id":1443,"href":"https:\/\/www.vs-damtschach.at\/index.php?rest_route=\/wp\/v2\/pages\/242\/revisions\/1443"}],"wp:attachment":[{"href":"https:\/\/www.vs-damtschach.at\/index.php?rest_route=%2Fwp%2Fv2%2Fmedia&parent=242"}],"curies":[{"name":"wp","href":"https:\/\/api.w.org\/{rel}","templated":true}]}}