{"id":322,"date":"2020-05-22T17:37:33","date_gmt":"2020-05-22T15:37:33","guid":{"rendered":"http:\/\/www.vs-damtschach.at\/?page_id=322"},"modified":"2023-11-26T20:08:38","modified_gmt":"2023-11-26T19:08:38","slug":"das-leitbildnase-vodilo","status":"publish","type":"page","link":"https:\/\/www.vs-damtschach.at\/?page_id=322","title":{"rendered":"Das Leitbild | Na\u0161e vodilo"},"content":{"rendered":"\n<figure class=\"wp-block-image size-large\"><img loading=\"lazy\" decoding=\"async\" width=\"1024\" height=\"437\" src=\"https:\/\/www.vs-damtschach.at\/wp-content\/uploads\/2023\/11\/Bildschirmfoto-2023-11-26-um-19.52.12-1024x437.png\" alt=\"\" class=\"wp-image-1757\" srcset=\"https:\/\/www.vs-damtschach.at\/wp-content\/uploads\/2023\/11\/Bildschirmfoto-2023-11-26-um-19.52.12-1024x437.png 1024w, https:\/\/www.vs-damtschach.at\/wp-content\/uploads\/2023\/11\/Bildschirmfoto-2023-11-26-um-19.52.12-300x128.png 300w, https:\/\/www.vs-damtschach.at\/wp-content\/uploads\/2023\/11\/Bildschirmfoto-2023-11-26-um-19.52.12-768x327.png 768w, https:\/\/www.vs-damtschach.at\/wp-content\/uploads\/2023\/11\/Bildschirmfoto-2023-11-26-um-19.52.12-1536x655.png 1536w, https:\/\/www.vs-damtschach.at\/wp-content\/uploads\/2023\/11\/Bildschirmfoto-2023-11-26-um-19.52.12-2048x873.png 2048w, https:\/\/www.vs-damtschach.at\/wp-content\/uploads\/2023\/11\/Bildschirmfoto-2023-11-26-um-19.52.12-696x297.png 696w, https:\/\/www.vs-damtschach.at\/wp-content\/uploads\/2023\/11\/Bildschirmfoto-2023-11-26-um-19.52.12-1068x455.png 1068w, https:\/\/www.vs-damtschach.at\/wp-content\/uploads\/2023\/11\/Bildschirmfoto-2023-11-26-um-19.52.12-985x420.png 985w\" sizes=\"(max-width: 1024px) 100vw, 1024px\" \/><\/figure>\n\n\n\n<ul><li>Wir leben ein tolerantes, h\u00f6fliches und wertsch\u00e4tzendes Miteinander.<br>\u017divimo strpno, prijazno in spo\u0161tljivo&nbsp;so\u017eitje.<\/li><\/ul>\n\n\n\n<ul><li>Sprachliche, kulturelle und kreative Vielfalt ist uns wichtig.<br>Jezikovna, kulturna in kreativna raznolikost je nam va\u017ena.<\/li><\/ul>\n\n\n\n<ul><li>Die Zusammenarbeit mit den Eltern ist uns ein gro\u00dfes Anliegen.<br>Sodelovanje s star\u0161i nam je zelo pomembno.<\/li><\/ul>\n\n\n\n<ul><li>Durch die Vielfalt der Unterrichtsmethoden wollen wir Freude am Lernen wecken.<br>Z raznolikostjo u\u010dnih metod ho\u010demo buditi veselje pri u\u010denju.<\/li><\/ul>\n\n\n\n<ul><li>Wir bereiten unsere Sch\u00fcler\/innen durch zeitgem\u00e4\u00dfe Wissensvermittlung auf weiterf\u00fchrende Schulen vor.<br>\u0160olarkam in \u0161olarjem nudimo solidno osnovno znanje za prestop v nadaljne \u0161ole.<\/li><\/ul>\n\n\n\n<p><\/p>\n","protected":false},"excerpt":{"rendered":"<p>Wir leben ein tolerantes, h\u00f6fliches und wertsch\u00e4tzendes Miteinander.\u017divimo strpno, prijazno in spo\u0161tljivo&nbsp;so\u017eitje. Sprachliche, kulturelle und kreative Vielfalt ist uns wichtig.Jezikovna, kulturna in kreativna raznolikost je nam va\u017ena. Die Zusammenarbeit mit den Eltern ist uns ein gro\u00dfes Anliegen.Sodelovanje s star\u0161i nam je zelo pomembno. Durch die Vielfalt der Unterrichtsmethoden wollen wir Freude am Lernen wecken.Z raznolikostjo [&hellip;]<\/p>\n","protected":false},"author":3,"featured_media":0,"parent":0,"menu_order":0,"comment_status":"closed","ping_status":"closed","template":"","meta":{"footnotes":""},"_links":{"self":[{"href":"https:\/\/www.vs-damtschach.at\/index.php?rest_route=\/wp\/v2\/pages\/322"}],"collection":[{"href":"https:\/\/www.vs-damtschach.at\/index.php?rest_route=\/wp\/v2\/pages"}],"about":[{"href":"https:\/\/www.vs-damtschach.at\/index.php?rest_route=\/wp\/v2\/types\/page"}],"author":[{"embeddable":true,"href":"https:\/\/www.vs-damtschach.at\/index.php?rest_route=\/wp\/v2\/users\/3"}],"replies":[{"embeddable":true,"href":"https:\/\/www.vs-damtschach.at\/index.php?rest_route=%2Fwp%2Fv2%2Fcomments&post=322"}],"version-history":[{"count":3,"href":"https:\/\/www.vs-damtschach.at\/index.php?rest_route=\/wp\/v2\/pages\/322\/revisions"}],"predecessor-version":[{"id":1759,"href":"https:\/\/www.vs-damtschach.at\/index.php?rest_route=\/wp\/v2\/pages\/322\/revisions\/1759"}],"wp:attachment":[{"href":"https:\/\/www.vs-damtschach.at\/index.php?rest_route=%2Fwp%2Fv2%2Fmedia&parent=322"}],"curies":[{"name":"wp","href":"https:\/\/api.w.org\/{rel}","templated":true}]}}